{"id":294,"date":"2019-10-12T14:24:02","date_gmt":"2019-10-12T14:24:02","guid":{"rendered":"https:\/\/kursnapsa.kliford.org.pl\/index.php\/about\/"},"modified":"2025-05-08T13:12:04","modified_gmt":"2025-05-08T13:12:04","slug":"about","status":"publish","type":"page","link":"https:\/\/kursnapsa.kliford.org.pl\/index.php\/about\/","title":{"rendered":"O nas"},"content":{"rendered":"\t\t<div data-elementor-type=\"wp-page\" data-elementor-id=\"294\" class=\"elementor elementor-294\">\n\t\t\t\t<div class=\"aux-parallax-section elementor-element elementor-element-8ada3bb e-flex e-con-boxed e-con e-parent\" data-id=\"8ada3bb\" data-element_type=\"container\">\n\t\t\t\t\t<div class=\"e-con-inner\">\n\t\t<div class=\"elementor-element elementor-element-ad60e68 e-con-full e-flex e-con e-child\" data-id=\"ad60e68\" data-element_type=\"container\">\n\t\t\t\t<div class=\"elementor-element elementor-element-c9e591d aux-appear-watch-animation aux-mask-from-left elementor-widget elementor-widget-aux_image\" data-id=\"c9e591d\" data-element_type=\"widget\" data-widget_type=\"aux_image.default\">\n\t\t\t\t<div class=\"elementor-widget-container\">\n\t\t\t\t\t<section class=\"widget-container aux-widget-image aux-alignnone aux-parent-au0cf9ecc0\">\n    <div class=\"aux-media-hint-frame \">\n        <div class=\"aux-media-image \" >\n        \n            \n\n            \n            <img fetchpriority=\"high\" decoding=\"async\" width=\"1024\" height=\"1024\" src=\"data:image\/gif;base64,R0lGODlhAQABAIAAAAAAAP\/\/\/yH5BAEAAAAALAAAAAABAAEAAAIBRAA7\" class=\"aux-attachment aux-featured-image aux-attachment-id-462 aux-preload aux-blank\" alt=\"obraz_2025-05-08_145525854\" data-ratio=\"1\" data-original-w=\"1024\" sizes=\"auto\" data-srcset=\"https:\/\/kursnapsa.kliford.org.pl\/wp-content\/uploads\/2025\/05\/obraz_2025-05-08_145525854-150x150.png 150w,https:\/\/kursnapsa.kliford.org.pl\/wp-content\/uploads\/2025\/05\/obraz_2025-05-08_145525854-300x300.png 300w,https:\/\/kursnapsa.kliford.org.pl\/wp-content\/uploads\/2025\/05\/obraz_2025-05-08_145525854-768x768.png 768w,https:\/\/kursnapsa.kliford.org.pl\/wp-content\/uploads\/2025\/05\/obraz_2025-05-08_145525854.png 1024w\" data-src=\"https:\/\/kursnapsa.kliford.org.pl\/wp-content\/uploads\/2025\/05\/obraz_2025-05-08_145525854.png\" \/>            \n                <\/div>\n    <\/div>\n\n<\/section><!-- widget-container -->\t\t\t\t<\/div>\n\t\t\t\t<\/div>\n\t\t\t\t<\/div>\n\t\t<div class=\"elementor-element elementor-element-8eed2dd e-con-full e-flex e-con e-child\" data-id=\"8eed2dd\" data-element_type=\"container\">\n\t\t\t\t<div class=\"elementor-element elementor-element-4dbc661 aux-appear-watch-animation aux-fade-in-right-1 elementor-widget elementor-widget-aux_modern_heading\" data-id=\"4dbc661\" data-element_type=\"widget\" data-widget_type=\"aux_modern_heading.default\">\n\t\t\t\t<div class=\"elementor-widget-container\">\n\t\t\t\t\t<section class=\"aux-widget-modern-heading\">\n            <div class=\"aux-widget-inner\"><h5 class=\"aux-modern-heading-primary\">O nas<\/h5><h3 class=\"aux-modern-heading-secondary\"><span class=\"aux-head-before\">Kurs na psa<\/span><\/h3><div class=\"aux-modern-heading-description\"><p>Kurs na psa jest to projekt realizowany przez Stowarzyszenie Kliford, kt\u00f3ry ma na celu edukacje w\u0142a\u015bcicieli ps\u00f3w i kot\u00f3w w zakresie prawid\u0142owego wychowywania zwierzaka. Projekt sk\u0142ada si\u0119 z warsztat\u00f3w, spotka\u0144, brania udzia\u0142u w imprezach miejskich, prowadzeniu bloga z poradami od specjalist\u00f3w.<\/p><\/div><\/div>\n        <\/section>\t\t\t\t<\/div>\n\t\t\t\t<\/div>\n\t\t\t\t<\/div>\n\t\t\t\t\t<\/div>\n\t\t\t\t<\/div>\n\t\t<div class=\"aux-parallax-section elementor-element elementor-element-529b609 aux-appear-watch-animation aux-scale-up e-flex e-con-boxed e-con e-parent\" data-id=\"529b609\" data-element_type=\"container\" data-settings=\"{&quot;background_background&quot;:&quot;classic&quot;}\">\n\t\t\t\t\t<div class=\"e-con-inner\">\n\t\t<div class=\"elementor-element elementor-element-c59c545 e-con-full e-flex e-con e-child\" data-id=\"c59c545\" data-element_type=\"container\">\n\t\t\t\t<div class=\"elementor-element elementor-element-8910023 aux-appear-watch-animation aux-fade-in-down-1 elementor-widget elementor-widget-aux_modern_heading\" data-id=\"8910023\" data-element_type=\"widget\" data-widget_type=\"aux_modern_heading.default\">\n\t\t\t\t<div class=\"elementor-widget-container\">\n\t\t\t\t\t<section class=\"aux-widget-modern-heading\">\n            <div class=\"aux-widget-inner\"><h5 class=\"aux-modern-heading-primary\">Wi\u0119cej o projekcie<\/h5><h3 class=\"aux-modern-heading-secondary\"><span class=\"aux-head-before\">\u201eNajlepszy spos\u00f3b, by zadba\u0107 o zwierz\u0119, to najpierw zadba\u0107 o swoj\u0105 wiedz\u0119 o nim.\u201d<\/span><\/h3><\/div>\n        <\/section>\t\t\t\t<\/div>\n\t\t\t\t<\/div>\n\t\t\t\t<div class=\"elementor-element elementor-element-a74a73d elementor-widget elementor-widget-aux_modern_button\" data-id=\"a74a73d\" data-element_type=\"widget\" data-widget_type=\"aux_modern_button.default\">\n\t\t\t\t<div class=\"elementor-widget-container\">\n\t\t\t\t\t    <div class=\"aux-modern-button-wrapper aux-modern-button-align-center\" >\n                    <a class=\"aux-modern-button aux-black aux-modern-button-md aux-modern-button-normal aux-modern-button-default aux-icon-\">\n                <div class=\"aux-overlay\"><\/div>\n                                    <div class=\"aux-icon \">\n                                            <\/div>\n                                <div class=\"aux-text\">\n<span class=\"aux-text-before\">Zobacz film<\/span>                <\/div>\n            <\/a>\n            \n    <\/div>\n\n    \t\t\t\t<\/div>\n\t\t\t\t<\/div>\n\t\t\t\t<\/div>\n\t\t\t\t\t<\/div>\n\t\t\t\t<\/div>\n\t\t<div class=\"aux-parallax-section elementor-element elementor-element-7d6d815 e-flex e-con-boxed e-con e-parent\" data-id=\"7d6d815\" data-element_type=\"container\" data-settings=\"{&quot;background_background&quot;:&quot;gradient&quot;}\">\n\t\t\t\t\t<div class=\"e-con-inner\">\n\t\t<div class=\"elementor-element elementor-element-310ce82 e-con-full e-flex e-con e-child\" data-id=\"310ce82\" data-element_type=\"container\">\n\t\t\t\t<div class=\"elementor-element elementor-element-b6a403f elementor-widget elementor-widget-spacer\" data-id=\"b6a403f\" data-element_type=\"widget\" data-widget_type=\"spacer.default\">\n\t\t\t\t<div class=\"elementor-widget-container\">\n\t\t\t\t\t\t\t<div class=\"elementor-spacer\">\n\t\t\t<div class=\"elementor-spacer-inner\"><\/div>\n\t\t<\/div>\n\t\t\t\t\t\t<\/div>\n\t\t\t\t<\/div>\n\t\t\t\t<div class=\"elementor-element elementor-element-71cac5e aux-appear-watch-animation aux-fade-in-up-1 elementor-widget elementor-widget-aux_modern_heading\" data-id=\"71cac5e\" data-element_type=\"widget\" data-widget_type=\"aux_modern_heading.default\">\n\t\t\t\t<div class=\"elementor-widget-container\">\n\t\t\t\t\t<section class=\"aux-widget-modern-heading\">\n            <div class=\"aux-widget-inner\"><h5 class=\"aux-modern-heading-primary\">Koordynator projektu<\/h5><h3 class=\"aux-modern-heading-secondary\"><span class=\"aux-head-before\">Nasz zesp\u00f3\u0142<\/span><\/h3><\/div>\n        <\/section>\t\t\t\t<\/div>\n\t\t\t\t<\/div>\n\t\t<div class=\"elementor-element elementor-element-b00330e e-con-full e-flex e-con e-child\" data-id=\"b00330e\" data-element_type=\"container\">\n\t\t<div class=\"elementor-element elementor-element-3e9ff9f aux-appear-watch-animation aux-fade-in-right e-con-full e-flex e-con e-child\" data-id=\"3e9ff9f\" data-element_type=\"container\" data-settings=\"{&quot;background_background&quot;:&quot;classic&quot;}\">\n\t\t\t\t<div class=\"elementor-element elementor-element-bf3f5c6 elementor-widget elementor-widget-aux_image\" data-id=\"bf3f5c6\" data-element_type=\"widget\" data-widget_type=\"aux_image.default\">\n\t\t\t\t<div class=\"elementor-widget-container\">\n\t\t\t\t\t<section class=\"widget-container aux-widget-image aux-alignnone aux-parent-au9620034c\">\n    <div class=\"aux-media-hint-frame \">\n        <div class=\"aux-media-image \" >\n        \n            \n\n            \n            <img decoding=\"async\" width=\"402\" height=\"488\" src=\"data:image\/gif;base64,R0lGODlhAQABAIAAAAAAAP\/\/\/yH5BAEAAAAALAAAAAABAAEAAAIBRAA7\" class=\"aux-attachment aux-featured-image aux-attachment-id-416 aux-preload aux-blank\" alt=\"White Simple Real Estate Business Email Signature\" data-ratio=\"0.82\" data-original-w=\"402\" data-src=\"https:\/\/kursnapsa.kliford.org.pl\/wp-content\/uploads\/2025\/04\/White-Simple-Real-Estate-Business-Email-Signature-3-e1746709717198.png\" \/>            \n                <\/div>\n    <\/div>\n\n<\/section><!-- widget-container -->\t\t\t\t<\/div>\n\t\t\t\t<\/div>\n\t\t\t\t<div class=\"elementor-element elementor-element-bf28287 elementor-widget elementor-widget-aux_modern_heading\" data-id=\"bf28287\" data-element_type=\"widget\" data-widget_type=\"aux_modern_heading.default\">\n\t\t\t\t<div class=\"elementor-widget-container\">\n\t\t\t\t\t<section class=\"aux-widget-modern-heading\">\n            <div class=\"aux-widget-inner\"><h3 class=\"aux-modern-heading-primary\">Pawe\u0142 Fiszer<\/h3><p class=\"aux-modern-heading-secondary\"><span class=\"aux-head-before\">Koordynator projektu<\/span><\/p><\/div>\n        <\/section>\t\t\t\t<\/div>\n\t\t\t\t<\/div>\n\t\t\t\t<\/div>\n\t\t<div class=\"elementor-element elementor-element-ee08456 aux-appear-watch-animation aux-fade-in-right e-con-full e-flex e-con e-child\" data-id=\"ee08456\" data-element_type=\"container\" data-settings=\"{&quot;background_background&quot;:&quot;classic&quot;}\">\n\t\t\t\t<div class=\"elementor-element elementor-element-0fca760 elementor-widget elementor-widget-aux_image\" data-id=\"0fca760\" data-element_type=\"widget\" data-widget_type=\"aux_image.default\">\n\t\t\t\t<div class=\"elementor-widget-container\">\n\t\t\t\t\t<section class=\"widget-container aux-widget-image aux-alignnone aux-parent-au32a96fb3\">\n    <div class=\"aux-media-hint-frame \">\n        <div class=\"aux-media-image \" >\n        \n            \n\n            \n            <img decoding=\"async\" width=\"402\" height=\"488\" src=\"data:image\/gif;base64,R0lGODlhAQABAIAAAAAAAP\/\/\/yH5BAEAAAAALAAAAAABAAEAAAIBRAA7\" class=\"aux-attachment aux-featured-image aux-attachment-id-416 aux-preload aux-blank\" alt=\"White Simple Real Estate Business Email Signature\" data-ratio=\"0.82\" data-original-w=\"402\" data-src=\"https:\/\/kursnapsa.kliford.org.pl\/wp-content\/uploads\/2025\/04\/White-Simple-Real-Estate-Business-Email-Signature-3-e1746709717198.png\" \/>            \n                <\/div>\n    <\/div>\n\n<\/section><!-- widget-container -->\t\t\t\t<\/div>\n\t\t\t\t<\/div>\n\t\t\t\t<div class=\"elementor-element elementor-element-aaf4209 elementor-widget elementor-widget-aux_modern_heading\" data-id=\"aaf4209\" data-element_type=\"widget\" data-widget_type=\"aux_modern_heading.default\">\n\t\t\t\t<div class=\"elementor-widget-container\">\n\t\t\t\t\t<section class=\"aux-widget-modern-heading\">\n            <div class=\"aux-widget-inner\"><h3 class=\"aux-modern-heading-primary\">Pawe\u0142 Gie\u0142a\u017cyn<\/h3><p class=\"aux-modern-heading-secondary\"><span class=\"aux-head-before\">Specjalista z zakresu zdrowia i piel\u0119gnacji <\/span><\/p><\/div>\n        <\/section>\t\t\t\t<\/div>\n\t\t\t\t<\/div>\n\t\t\t\t<\/div>\n\t\t<div class=\"elementor-element elementor-element-c7fa065 aux-appear-watch-animation aux-fade-in-right e-con-full e-flex e-con e-child\" data-id=\"c7fa065\" data-element_type=\"container\" data-settings=\"{&quot;background_background&quot;:&quot;classic&quot;}\">\n\t\t\t\t<div class=\"elementor-element elementor-element-f43d695 elementor-widget elementor-widget-aux_image\" data-id=\"f43d695\" data-element_type=\"widget\" data-widget_type=\"aux_image.default\">\n\t\t\t\t<div class=\"elementor-widget-container\">\n\t\t\t\t\t<section class=\"widget-container aux-widget-image aux-alignnone aux-parent-au9f0c455d\">\n    <div class=\"aux-media-hint-frame \">\n        <div class=\"aux-media-image \" >\n        \n            \n\n            \n            <img decoding=\"async\" width=\"402\" height=\"488\" src=\"data:image\/gif;base64,R0lGODlhAQABAIAAAAAAAP\/\/\/yH5BAEAAAAALAAAAAABAAEAAAIBRAA7\" class=\"aux-attachment aux-featured-image aux-attachment-id-416 aux-preload aux-blank\" alt=\"White Simple Real Estate Business Email Signature\" data-ratio=\"0.82\" data-original-w=\"402\" data-src=\"https:\/\/kursnapsa.kliford.org.pl\/wp-content\/uploads\/2025\/04\/White-Simple-Real-Estate-Business-Email-Signature-3-e1746709717198.png\" \/>            \n                <\/div>\n    <\/div>\n\n<\/section><!-- widget-container -->\t\t\t\t<\/div>\n\t\t\t\t<\/div>\n\t\t\t\t<div class=\"elementor-element elementor-element-70108a8 elementor-widget elementor-widget-aux_modern_heading\" data-id=\"70108a8\" data-element_type=\"widget\" data-widget_type=\"aux_modern_heading.default\">\n\t\t\t\t<div class=\"elementor-widget-container\">\n\t\t\t\t\t<section class=\"aux-widget-modern-heading\">\n            <div class=\"aux-widget-inner\"><h3 class=\"aux-modern-heading-primary\">Jolanta Drypa<\/h3><p class=\"aux-modern-heading-secondary\"><span class=\"aux-head-before\">Specjalistka z zakresu \u017cywienia, zdrowia i piel\u0119gnacji<\/span><\/p><\/div>\n        <\/section>\t\t\t\t<\/div>\n\t\t\t\t<\/div>\n\t\t\t\t<\/div>\n\t\t<div class=\"elementor-element elementor-element-20e1699 aux-appear-watch-animation aux-fade-in-right e-con-full e-flex e-con e-child\" data-id=\"20e1699\" data-element_type=\"container\" data-settings=\"{&quot;background_background&quot;:&quot;classic&quot;}\">\n\t\t\t\t<div class=\"elementor-element elementor-element-2c9735e elementor-widget elementor-widget-aux_image\" data-id=\"2c9735e\" data-element_type=\"widget\" data-widget_type=\"aux_image.default\">\n\t\t\t\t<div class=\"elementor-widget-container\">\n\t\t\t\t\t<section class=\"widget-container aux-widget-image aux-alignnone aux-parent-au825695ab\">\n    <div class=\"aux-media-hint-frame \">\n        <div class=\"aux-media-image \" >\n        \n            \n\n            \n            <img decoding=\"async\" width=\"402\" height=\"488\" src=\"data:image\/gif;base64,R0lGODlhAQABAIAAAAAAAP\/\/\/yH5BAEAAAAALAAAAAABAAEAAAIBRAA7\" class=\"aux-attachment aux-featured-image aux-attachment-id-416 aux-preload aux-blank\" alt=\"White Simple Real Estate Business Email Signature\" data-ratio=\"0.82\" data-original-w=\"402\" data-src=\"https:\/\/kursnapsa.kliford.org.pl\/wp-content\/uploads\/2025\/04\/White-Simple-Real-Estate-Business-Email-Signature-3-e1746709717198.png\" \/>            \n                <\/div>\n    <\/div>\n\n<\/section><!-- widget-container -->\t\t\t\t<\/div>\n\t\t\t\t<\/div>\n\t\t\t\t<div class=\"elementor-element elementor-element-c4c9719 elementor-widget elementor-widget-aux_modern_heading\" data-id=\"c4c9719\" data-element_type=\"widget\" data-widget_type=\"aux_modern_heading.default\">\n\t\t\t\t<div class=\"elementor-widget-container\">\n\t\t\t\t\t<section class=\"aux-widget-modern-heading\">\n            <div class=\"aux-widget-inner\"><h3 class=\"aux-modern-heading-primary\">Oliwia Fornal<\/h3><p class=\"aux-modern-heading-secondary\"><span class=\"aux-head-before\">Specjalistka z zakresu zachowanie i trening<\/span><\/p><\/div>\n        <\/section>\t\t\t\t<\/div>\n\t\t\t\t<\/div>\n\t\t\t\t<\/div>\n\t\t\t\t<\/div>\n\t\t\t\t<\/div>\n\t\t\t\t\t<\/div>\n\t\t\t\t<\/div>\n\t\t\t\t<\/div>\n\t\t","protected":false},"excerpt":{"rendered":"<p>O nas Kurs na psa Kurs na psa jest to projekt realizowany przez Stowarzyszenie Kliford, kt\u00f3ry ma na celu edukacje w\u0142a\u015bcicieli ps\u00f3w i kot\u00f3w w zakresie prawid\u0142owego wychowywania zwierzaka. Projekt sk\u0142ada si\u0119 z warsztat\u00f3w, spotka\u0144, brania udzia\u0142u w imprezach miejskich, prowadzeniu bloga z poradami od specjalist\u00f3w. Wi\u0119cej o projekcie \u201eNajlepszy spos\u00f3b, by zadba\u0107 o zwierz\u0119, [&hellip;]<\/p>\n","protected":false},"author":1,"featured_media":0,"parent":0,"menu_order":0,"comment_status":"closed","ping_status":"closed","template":"templates\/page-builder-content.php","meta":{"footnotes":""},"class_list":["post-294","page","type-page","status-publish","hentry"],"_links":{"self":[{"href":"https:\/\/kursnapsa.kliford.org.pl\/index.php\/wp-json\/wp\/v2\/pages\/294","targetHints":{"allow":["GET"]}}],"collection":[{"href":"https:\/\/kursnapsa.kliford.org.pl\/index.php\/wp-json\/wp\/v2\/pages"}],"about":[{"href":"https:\/\/kursnapsa.kliford.org.pl\/index.php\/wp-json\/wp\/v2\/types\/page"}],"author":[{"embeddable":true,"href":"https:\/\/kursnapsa.kliford.org.pl\/index.php\/wp-json\/wp\/v2\/users\/1"}],"replies":[{"embeddable":true,"href":"https:\/\/kursnapsa.kliford.org.pl\/index.php\/wp-json\/wp\/v2\/comments?post=294"}],"version-history":[{"count":10,"href":"https:\/\/kursnapsa.kliford.org.pl\/index.php\/wp-json\/wp\/v2\/pages\/294\/revisions"}],"predecessor-version":[{"id":473,"href":"https:\/\/kursnapsa.kliford.org.pl\/index.php\/wp-json\/wp\/v2\/pages\/294\/revisions\/473"}],"wp:attachment":[{"href":"https:\/\/kursnapsa.kliford.org.pl\/index.php\/wp-json\/wp\/v2\/media?parent=294"}],"curies":[{"name":"wp","href":"https:\/\/api.w.org\/{rel}","templated":true}]}}